{"id":1508,"date":"2018-08-29T19:53:32","date_gmt":"2018-11-28T19:28:42","guid":{"rendered":"https:\/\/www.bomulo.com\/produkt\/cuffed-pyjamas-robot\/"},"modified":"2019-12-30T14:14:14","modified_gmt":"2019-12-30T13:14:14","slug":"cuffed-pyjamas-robot","status":"publish","type":"product","link":"https:\/\/www.bomulo.com\/en\/product\/cuffed-pyjamas-robot\/","title":{"rendered":"CUFFED PYJAMAS ROBOT"},"content":{"rendered":"<p>[et_pb_section fb_built=&#8221;1&#8243; _builder_version=&#8221;3.22&#8243; custom_padding=&#8221;0px||||false|false&#8221;][et_pb_row _builder_version=&#8221;3.25&#8243; background_size=&#8221;initial&#8221; background_position=&#8221;top_left&#8221; background_repeat=&#8221;repeat&#8221; width=&#8221;100%&#8221; custom_padding=&#8221;0px||0px||false|false&#8221;][et_pb_column type=&#8221;4_4&#8243; _builder_version=&#8221;3.25&#8243; custom_padding=&#8221;|||&#8221; custom_padding__hover=&#8221;|||&#8221;][et_pb_wc_breadcrumb _builder_version=&#8221;3.0.47&#8243;][\/et_pb_wc_breadcrumb][et_pb_wc_cart_notice _builder_version=&#8221;4.0.6&#8243; hover_enabled=&#8221;0&#8243; body_font=&#8221;|300|||||||&#8221; body_font_size=&#8221;16px&#8221; body_line_height=&#8221;2.9em&#8221;][\/et_pb_wc_cart_notice][\/et_pb_column][\/et_pb_row][et_pb_row _builder_version=&#8221;3.25&#8243; background_size=&#8221;initial&#8221; background_position=&#8221;top_left&#8221; background_repeat=&#8221;repeat&#8221; width=&#8221;100%&#8221; custom_padding=&#8221;0px||||false|false&#8221; column_structure=&#8221;1_2,1_2&#8243;][et_pb_column type=&#8221;1_2&#8243; _builder_version=&#8221;3.25&#8243; custom_padding=&#8221;|||&#8221; custom_padding__hover=&#8221;|||&#8221;][et_pb_wc_images _builder_version=&#8221;3.0.47&#8243;][\/et_pb_wc_images][\/et_pb_column][et_pb_column type=&#8221;1_2&#8243; _builder_version=&#8221;3.25&#8243; custom_padding=&#8221;|||&#8221; custom_padding__hover=&#8221;|||&#8221;][et_pb_wc_title _builder_version=&#8221;4.0.6&#8243; hover_enabled=&#8221;0&#8243; header_font=&#8221;|300|||||||&#8221; header_text_align=&#8221;center&#8221;][\/et_pb_wc_title][et_pb_wc_rating _builder_version=&#8221;3.0.47&#8243;][\/et_pb_wc_rating][et_pb_wc_price _builder_version=&#8221;4.0.6&#8243; hover_enabled=&#8221;0&#8243; body_font=&#8221;|300|||||||&#8221; text_orientation=&#8221;center&#8221; before_sale_price_font=&#8221;|300|||||on||&#8221; sale_price_text_color=&#8221;#ed1b2f&#8221;][\/et_pb_wc_price][et_pb_wc_description _builder_version=&#8221;4.0.6&#8243; hover_enabled=&#8221;0&#8243; body_font=&#8221;|300|||||||&#8221; body_text_color=&#8221;#8f8271&#8243;][\/et_pb_wc_description][et_pb_wc_add_to_cart _builder_version=&#8221;4.0.6&#8243; hover_enabled=&#8221;0&#8243; fields_background_color=&#8221;#ffffff&#8221; fields_text_color=&#8221;#ed1b2f&#8221; fields_focus_background_color=&#8221;#ffffff&#8221; fields_focus_text_color=&#8221;#8f8271&#8243; fields_custom_margin=&#8221;||10px||false|false&#8221; fields_font=&#8221;|300|||||||&#8221; fields_font_size=&#8221;16px&#8221; border_width_all_fields=&#8221;1px&#8221; border_color_all_fields=&#8221;#ed1b2f&#8221; dropdown_menus_background_color=&#8221;#ffffff&#8221; dropdown_menus_text_color=&#8221;#ed1b2f&#8221; dropdown_menus_focus_background_color=&#8221;#ffffff&#8221; dropdown_menus_focus_text_color=&#8221;#8f8271&#8243; dropdown_menus_font=&#8221;|300|||||||&#8221; border_width_all_dropdown_menus=&#8221;1px&#8221; border_color_all_dropdown_menus=&#8221;#ed1b2f&#8221;][\/et_pb_wc_add_to_cart][et_pb_wc_meta _builder_version=&#8221;3.0.47&#8243;][\/et_pb_wc_meta][\/et_pb_column][\/et_pb_row][\/et_pb_section][et_pb_section fb_built=&#8221;1&#8243; _builder_version=&#8221;3.22&#8243;][et_pb_row _builder_version=&#8221;4.0.6&#8243; background_size=&#8221;initial&#8221; background_position=&#8221;top_left&#8221; background_repeat=&#8221;repeat&#8221; hover_enabled=&#8221;0&#8243; width=&#8221;100%&#8221; module_alignment=&#8221;center&#8221;][et_pb_column type=&#8221;4_4&#8243; _builder_version=&#8221;3.25&#8243; custom_padding=&#8221;|||&#8221; custom_padding__hover=&#8221;|||&#8221;][et_pb_divider color=&#8221;#ed1b2f&#8221; _builder_version=&#8221;3.13.1&#8243; height=&#8221;0px&#8221; custom_margin=&#8221;50px|||&#8221;][\/et_pb_divider][et_pb_text _builder_version=&#8221;4.0.6&#8243; text_font=&#8221;||||||||&#8221; header_2_text_color=&#8221;#ed1b2f&#8221; header_3_font=&#8221;||||||||&#8221; custom_padding=&#8221;||20px|&#8221; hover_enabled=&#8221;0&#8243; header_font=&#8221;|300|||||||&#8221;]<\/p>\n<h1>GALLERY<\/h1>\n<p>[\/et_pb_text][\/et_pb_column][\/et_pb_row][et_pb_row _builder_version=&#8221;4.0.6&#8243; background_size=&#8221;initial&#8221; background_position=&#8221;top_left&#8221; background_repeat=&#8221;repeat&#8221; hover_enabled=&#8221;0&#8243; column_structure=&#8221;1_2,1_2&#8243; width=&#8221;100%&#8221; module_alignment=&#8221;center&#8221;][et_pb_column type=&#8221;1_2&#8243; _builder_version=&#8221;3.25&#8243; custom_padding=&#8221;|||&#8221; custom_padding__hover=&#8221;|||&#8221;][et_pb_image src=&#8221;https:\/\/www.bomulo.com\/wp-content\/uploads\/prod_pizama_robot_2.jpg&#8221; align_tablet=&#8221;center&#8221; align_last_edited=&#8221;on|desktop&#8221; _builder_version=&#8221;3.23&#8243;][\/et_pb_image][et_pb_image src=&#8221;https:\/\/www.bomulo.com\/wp-content\/uploads\/prod_pizama_robot_5.jpg&#8221; align_tablet=&#8221;center&#8221; align_last_edited=&#8221;on|desktop&#8221; _builder_version=&#8221;3.23&#8243;][\/et_pb_image][et_pb_image src=&#8221;https:\/\/www.bomulo.com\/wp-content\/uploads\/prod_pizama_robot_6.jpg&#8221; align_tablet=&#8221;center&#8221; align_last_edited=&#8221;on|desktop&#8221; _builder_version=&#8221;3.23&#8243;][\/et_pb_image][\/et_pb_column][et_pb_column type=&#8221;1_2&#8243; _builder_version=&#8221;3.25&#8243; custom_padding=&#8221;|||&#8221; custom_padding__hover=&#8221;|||&#8221;][et_pb_image src=&#8221;https:\/\/www.bomulo.com\/wp-content\/uploads\/prod_pizama_robot_3.jpg&#8221; align_tablet=&#8221;center&#8221; align_last_edited=&#8221;on|desktop&#8221; _builder_version=&#8221;3.23&#8243;][\/et_pb_image][et_pb_image src=&#8221;https:\/\/www.bomulo.com\/wp-content\/uploads\/prod_pizama_robot_4.jpg&#8221; align_tablet=&#8221;center&#8221; align_last_edited=&#8221;on|desktop&#8221; _builder_version=&#8221;3.23&#8243;][\/et_pb_image][et_pb_image src=&#8221;https:\/\/www.bomulo.com\/wp-content\/uploads\/prod_pizama_robot_7.jpg&#8221; align_tablet=&#8221;center&#8221; align_last_edited=&#8221;on|desktop&#8221; _builder_version=&#8221;3.23&#8243;][\/et_pb_image][\/et_pb_column][\/et_pb_row][et_pb_row _builder_version=&#8221;4.0.6&#8243; background_size=&#8221;initial&#8221; background_position=&#8221;top_left&#8221; background_repeat=&#8221;repeat&#8221; hover_enabled=&#8221;0&#8243; width=&#8221;100%&#8221; module_alignment=&#8221;center&#8221;][et_pb_column type=&#8221;4_4&#8243; _builder_version=&#8221;3.25&#8243; custom_padding=&#8221;|||&#8221; custom_padding__hover=&#8221;|||&#8221;][et_pb_divider color=&#8221;#ed1b2f&#8221; _builder_version=&#8221;3.13.1&#8243; height=&#8221;0px&#8221; custom_margin=&#8221;50px|||&#8221;][\/et_pb_divider][\/et_pb_column][\/et_pb_row][\/et_pb_section][et_pb_section fb_built=&#8221;1&#8243; _builder_version=&#8221;4.0.6&#8243;][et_pb_row _builder_version=&#8221;4.0.6&#8243; background_size=&#8221;initial&#8221; background_position=&#8221;top_left&#8221; background_repeat=&#8221;repeat&#8221; width=&#8221;100%&#8221; hover_enabled=&#8221;0&#8243; module_alignment=&#8221;center&#8221;][et_pb_column type=&#8221;4_4&#8243; _builder_version=&#8221;3.25&#8243; custom_padding=&#8221;|||&#8221; custom_padding__hover=&#8221;|||&#8221;][et_pb_wc_upsells _builder_version=&#8221;3.0.47&#8243;][\/et_pb_wc_upsells][et_pb_wc_related_products _builder_version=&#8221;4.0.6&#8243; hover_enabled=&#8221;0&#8243; title_font=&#8221;|300|||||||&#8221;][\/et_pb_wc_related_products][\/et_pb_column][\/et_pb_row][\/et_pb_section]<\/p>\n","protected":false},"excerpt":{"rendered":"<p>A robot team with Robo-dog ready for the mission! All little explorers are asked to go to their beds and close their eyes! The stage of delta sleep will start in 3,2,1&#8230;<\/p>\n<p>A combination of comfy form and a joyful print is our idea for kids\u2019 pyjamas. Cleavage, sleeves and legs finished with ribbed cuffs to keep the fit during sleep. Delicate elastic waistband and slightly stretchy fabric for your child\u2019s perfect comfort. A slightly stretchy fabric for your child\u2019s perfect comfort.<\/p>\n<p>FABRICS: 100% organic cotton, GOTS certified,<br \/>\nribbing: 95% certified cotton, 5% elastane.<\/p>\n<p><img decoding=\"async\" class=\"alignnone size-full wp-image-904\" src=\"https:\/\/www.bomulo.com\/wp-content\/uploads\/gots_small.png\" alt=\"\" width=\"73\" height=\"75\" \/><br \/>\nMade in Poland.<\/p>\n","protected":false},"featured_media":1101,"template":"","meta":{"_et_pb_use_builder":"on","_et_pb_old_content":"<p>Ekipa robot\u00f3w z Robo-psem gotowa do misji! Wszyscy mali odkrywcy proszeni s\u0105 o przej\u015bcie do swoich \u0142\u00f3\u017cek oraz zamkni\u0119cie oczu! Przechodzimy w faz\u0119 delta\u2026<br \/>Po\u0142\u0105czenie standardowego kroju z zabawnym wzorem to nasza propozycja pi\u017camy dzieci\u0119cej. Dekolt oraz r\u0119kawy i nogawki wyko\u0144czone \u015bci\u0105gaczem, dzi\u0119ki czemu nie podci\u0105gaj\u0105 si\u0119 w trakcie snu. Spodnie z nieuciskaj\u0105c\u0105 gumk\u0105 w pasie. Ca\u0142o\u015b\u0107 uszyta z lekko elastycznego materia\u0142u, kt\u00f3ry nie kr\u0119puje ruch\u00f3w dziecka.<\/p>","_et_gb_content_width":"","inline_featured_image":false},"class_list":["post-1508","product","type-product","status-publish","has-post-thumbnail","hentry","product_cat-all","product_cat-baby-en","product_cat-junior-en","product_tag-cotton-en","product_tag-gots-en","product_tag-organic-en","product_tag-pyjamas-en","product_tag-robot-en"],"yoast_head":"<!-- This site is optimized with the Yoast SEO plugin v26.8 - https:\/\/yoast.com\/product\/yoast-seo-wordpress\/ -->\n<title>CUFFED PYJAMAS ROBOT - Bomulo<\/title>\n<meta name=\"robots\" content=\"index, follow, max-snippet:-1, max-image-preview:large, max-video-preview:-1\" \/>\n<link rel=\"canonical\" href=\"https:\/\/www.bomulo.com\/en\/product\/cuffed-pyjamas-robot\/\" \/>\n<meta property=\"og:locale\" content=\"en_US\" \/>\n<meta property=\"og:type\" content=\"article\" \/>\n<meta property=\"og:title\" content=\"CUFFED PYJAMAS ROBOT - Bomulo\" \/>\n<meta property=\"og:description\" content=\"A robot team with Robo-dog ready for the mission! All little explorers are asked to go to their beds and close their eyes! The stage of delta sleep will start in 3,2,1...  A combination of comfy form and a joyful print is our idea for kids\u2019 pyjamas. Cleavage, sleeves and legs finished with ribbed cuffs to keep the fit during sleep. Delicate elastic waistband and slightly stretchy fabric for your child\u2019s perfect comfort. A slightly stretchy fabric for your child\u2019s perfect comfort.  FABRICS: 100% organic cotton, GOTS certified, ribbing: 95% certified cotton, 5% elastane.   Made in Poland.\" \/>\n<meta property=\"og:url\" content=\"https:\/\/www.bomulo.com\/en\/product\/cuffed-pyjamas-robot\/\" \/>\n<meta property=\"og:site_name\" content=\"Bomulo\" \/>\n<meta property=\"article:publisher\" content=\"https:\/\/www.facebook.com\/bomulocom\/\" \/>\n<meta property=\"article:modified_time\" content=\"2019-12-30T13:14:14+00:00\" \/>\n<meta property=\"og:image\" content=\"https:\/\/www.bomulo.com\/wp-content\/uploads\/prod_pizama_robot_1.jpg\" \/>\n\t<meta property=\"og:image:width\" content=\"900\" \/>\n\t<meta property=\"og:image:height\" content=\"1200\" \/>\n\t<meta property=\"og:image:type\" content=\"image\/jpeg\" \/>\n<meta name=\"twitter:card\" content=\"summary_large_image\" \/>\n<meta name=\"twitter:label1\" content=\"Est. reading time\" \/>\n\t<meta name=\"twitter:data1\" content=\"4 minutes\" \/>\n<script type=\"application\/ld+json\" class=\"yoast-schema-graph\">{\"@context\":\"https:\/\/schema.org\",\"@graph\":[{\"@type\":\"WebPage\",\"@id\":\"https:\/\/www.bomulo.com\/en\/product\/cuffed-pyjamas-robot\/\",\"url\":\"https:\/\/www.bomulo.com\/en\/product\/cuffed-pyjamas-robot\/\",\"name\":\"CUFFED PYJAMAS ROBOT - Bomulo\",\"isPartOf\":{\"@id\":\"https:\/\/www.bomulo.com\/en\/#website\"},\"primaryImageOfPage\":{\"@id\":\"https:\/\/www.bomulo.com\/en\/product\/cuffed-pyjamas-robot\/#primaryimage\"},\"image\":{\"@id\":\"https:\/\/www.bomulo.com\/en\/product\/cuffed-pyjamas-robot\/#primaryimage\"},\"thumbnailUrl\":\"https:\/\/www.bomulo.com\/wp-content\/uploads\/prod_pizama_robot_1.jpg\",\"datePublished\":\"2018-11-28T19:28:42+00:00\",\"dateModified\":\"2019-12-30T13:14:14+00:00\",\"breadcrumb\":{\"@id\":\"https:\/\/www.bomulo.com\/en\/product\/cuffed-pyjamas-robot\/#breadcrumb\"},\"inLanguage\":\"en-US\",\"potentialAction\":[{\"@type\":\"ReadAction\",\"target\":[\"https:\/\/www.bomulo.com\/en\/product\/cuffed-pyjamas-robot\/\"]}]},{\"@type\":\"ImageObject\",\"inLanguage\":\"en-US\",\"@id\":\"https:\/\/www.bomulo.com\/en\/product\/cuffed-pyjamas-robot\/#primaryimage\",\"url\":\"https:\/\/www.bomulo.com\/wp-content\/uploads\/prod_pizama_robot_1.jpg\",\"contentUrl\":\"https:\/\/www.bomulo.com\/wp-content\/uploads\/prod_pizama_robot_1.jpg\",\"width\":900,\"height\":1200},{\"@type\":\"BreadcrumbList\",\"@id\":\"https:\/\/www.bomulo.com\/en\/product\/cuffed-pyjamas-robot\/#breadcrumb\",\"itemListElement\":[{\"@type\":\"ListItem\",\"position\":1,\"name\":\"Strona g\u0142\u00f3wna\",\"item\":\"https:\/\/www.bomulo.com\/en\/\"},{\"@type\":\"ListItem\",\"position\":2,\"name\":\"SHOP\",\"item\":\"https:\/\/www.bomulo.com\/en\/shop\/\"},{\"@type\":\"ListItem\",\"position\":3,\"name\":\"CUFFED PYJAMAS ROBOT\"}]},{\"@type\":\"WebSite\",\"@id\":\"https:\/\/www.bomulo.com\/en\/#website\",\"url\":\"https:\/\/www.bomulo.com\/en\/\",\"name\":\"Bomulo\",\"description\":\"Organiczna odzie\u017c dzieci\u0119ca\",\"inLanguage\":\"en-US\"}]}<\/script>\n<!-- \/ Yoast SEO plugin. -->","yoast_head_json":{"title":"CUFFED PYJAMAS ROBOT - Bomulo","robots":{"index":"index","follow":"follow","max-snippet":"max-snippet:-1","max-image-preview":"max-image-preview:large","max-video-preview":"max-video-preview:-1"},"canonical":"https:\/\/www.bomulo.com\/en\/product\/cuffed-pyjamas-robot\/","og_locale":"en_US","og_type":"article","og_title":"CUFFED PYJAMAS ROBOT - Bomulo","og_description":"A robot team with Robo-dog ready for the mission! All little explorers are asked to go to their beds and close their eyes! The stage of delta sleep will start in 3,2,1...  A combination of comfy form and a joyful print is our idea for kids\u2019 pyjamas. Cleavage, sleeves and legs finished with ribbed cuffs to keep the fit during sleep. Delicate elastic waistband and slightly stretchy fabric for your child\u2019s perfect comfort. A slightly stretchy fabric for your child\u2019s perfect comfort.  FABRICS: 100% organic cotton, GOTS certified, ribbing: 95% certified cotton, 5% elastane.   Made in Poland.","og_url":"https:\/\/www.bomulo.com\/en\/product\/cuffed-pyjamas-robot\/","og_site_name":"Bomulo","article_publisher":"https:\/\/www.facebook.com\/bomulocom\/","article_modified_time":"2019-12-30T13:14:14+00:00","og_image":[{"width":900,"height":1200,"url":"https:\/\/www.bomulo.com\/wp-content\/uploads\/prod_pizama_robot_1.jpg","type":"image\/jpeg"}],"twitter_card":"summary_large_image","twitter_misc":{"Est. reading time":"4 minutes"},"schema":{"@context":"https:\/\/schema.org","@graph":[{"@type":"WebPage","@id":"https:\/\/www.bomulo.com\/en\/product\/cuffed-pyjamas-robot\/","url":"https:\/\/www.bomulo.com\/en\/product\/cuffed-pyjamas-robot\/","name":"CUFFED PYJAMAS ROBOT - Bomulo","isPartOf":{"@id":"https:\/\/www.bomulo.com\/en\/#website"},"primaryImageOfPage":{"@id":"https:\/\/www.bomulo.com\/en\/product\/cuffed-pyjamas-robot\/#primaryimage"},"image":{"@id":"https:\/\/www.bomulo.com\/en\/product\/cuffed-pyjamas-robot\/#primaryimage"},"thumbnailUrl":"https:\/\/www.bomulo.com\/wp-content\/uploads\/prod_pizama_robot_1.jpg","datePublished":"2018-11-28T19:28:42+00:00","dateModified":"2019-12-30T13:14:14+00:00","breadcrumb":{"@id":"https:\/\/www.bomulo.com\/en\/product\/cuffed-pyjamas-robot\/#breadcrumb"},"inLanguage":"en-US","potentialAction":[{"@type":"ReadAction","target":["https:\/\/www.bomulo.com\/en\/product\/cuffed-pyjamas-robot\/"]}]},{"@type":"ImageObject","inLanguage":"en-US","@id":"https:\/\/www.bomulo.com\/en\/product\/cuffed-pyjamas-robot\/#primaryimage","url":"https:\/\/www.bomulo.com\/wp-content\/uploads\/prod_pizama_robot_1.jpg","contentUrl":"https:\/\/www.bomulo.com\/wp-content\/uploads\/prod_pizama_robot_1.jpg","width":900,"height":1200},{"@type":"BreadcrumbList","@id":"https:\/\/www.bomulo.com\/en\/product\/cuffed-pyjamas-robot\/#breadcrumb","itemListElement":[{"@type":"ListItem","position":1,"name":"Strona g\u0142\u00f3wna","item":"https:\/\/www.bomulo.com\/en\/"},{"@type":"ListItem","position":2,"name":"SHOP","item":"https:\/\/www.bomulo.com\/en\/shop\/"},{"@type":"ListItem","position":3,"name":"CUFFED PYJAMAS ROBOT"}]},{"@type":"WebSite","@id":"https:\/\/www.bomulo.com\/en\/#website","url":"https:\/\/www.bomulo.com\/en\/","name":"Bomulo","description":"Organiczna odzie\u017c dzieci\u0119ca","inLanguage":"en-US"}]}},"_links":{"self":[{"href":"https:\/\/www.bomulo.com\/en\/wp-json\/wp\/v2\/product\/1508","targetHints":{"allow":["GET"]}}],"collection":[{"href":"https:\/\/www.bomulo.com\/en\/wp-json\/wp\/v2\/product"}],"about":[{"href":"https:\/\/www.bomulo.com\/en\/wp-json\/wp\/v2\/types\/product"}],"wp:featuredmedia":[{"embeddable":true,"href":"https:\/\/www.bomulo.com\/en\/wp-json\/wp\/v2\/media\/1101"}],"wp:attachment":[{"href":"https:\/\/www.bomulo.com\/en\/wp-json\/wp\/v2\/media?parent=1508"}],"curies":[{"name":"wp","href":"https:\/\/api.w.org\/{rel}","templated":true}]}}